{"id":32,"date":"2017-12-26T22:29:50","date_gmt":"2017-12-26T20:29:50","guid":{"rendered":"http:\/\/cedro.com.pl\/?page_id=32"},"modified":"2018-01-29T00:12:51","modified_gmt":"2018-01-28T22:12:51","slug":"zaproszenia-slubne","status":"publish","type":"page","link":"https:\/\/cedro.com.pl\/index.php\/zaproszenia-slubne\/","title":{"rendered":"Zaproszenia \u015blubne"},"content":{"rendered":"<p>Pragn\u0119 przedstawi\u0107 Pa\u0144stwu kilka wzor\u00f3w zaprosze\u0144 \u015blubnych. Wszystkie s\u0105 moimi oryginalnymi projektami. Wykonywane s\u0105 na materia\u0142ach najwy\u017cszej jako\u015bci, z pieczo\u0142owito\u015bci\u0105 i osobistym zaanga\u017cowaniem na ka\u017cdym etapie projektu, drukowania i dalszej obr\u00f3bki. Dzi\u0119ki temu maj\u0105 Pa\u0144stwo decyduj\u0105cy i ostateczny wp\u0142yw na ostateczny wygl\u0105d zaproszenia: wyb\u00f3r tekstu, czcionki i dodatkowych element\u00f3w. Przed drukiem wszystkie projekty s\u0105 przesy\u0142ane do akceptacji.<\/p>\n<p>Z ogromnej ongi\u015b oferty (do zobaczenia na blogu <a href=\"http:\/\/twojezaproszenia.blogspot.com\">twojezaproszenia.blogspot.com<\/a>) w chwili obecnej oferujemy wybrane modele zaprosze\u0144 \u015blubnych, komunijnych, na z\u0142ote gody i studni\u00f3wkowych.<\/p>\n<p>Zapraszam do zapoznania si\u0119 z ofert\u0105.<\/p>\n<p>Adam Cedro<\/p>\n","protected":false},"excerpt":{"rendered":"<p>Pragn\u0119 przedstawi\u0107 Pa\u0144stwu kilka wzor\u00f3w zaprosze\u0144 \u015blubnych. Wszystkie s\u0105 moimi oryginalnymi projektami. Wykonywane s\u0105 na materia\u0142ach najwy\u017cszej jako\u015bci, z pieczo\u0142owito\u015bci\u0105 i osobistym zaanga\u017cowaniem na ka\u017cdym etapie projektu, drukowania i dalszej obr\u00f3bki. Dzi\u0119ki temu maj\u0105 Pa\u0144stwo decyduj\u0105cy i ostateczny wp\u0142yw na ostateczny wygl\u0105d zaproszenia: wyb\u00f3r tekstu, czcionki i dodatkowych element\u00f3w. Przed drukiem wszystkie projekty s\u0105 przesy\u0142ane [&hellip;]<\/p>\n","protected":false},"author":1,"featured_media":0,"parent":0,"menu_order":0,"comment_status":"closed","ping_status":"closed","template":"","meta":[],"_links":{"self":[{"href":"https:\/\/cedro.com.pl\/index.php\/wp-json\/wp\/v2\/pages\/32"}],"collection":[{"href":"https:\/\/cedro.com.pl\/index.php\/wp-json\/wp\/v2\/pages"}],"about":[{"href":"https:\/\/cedro.com.pl\/index.php\/wp-json\/wp\/v2\/types\/page"}],"author":[{"embeddable":true,"href":"https:\/\/cedro.com.pl\/index.php\/wp-json\/wp\/v2\/users\/1"}],"replies":[{"embeddable":true,"href":"https:\/\/cedro.com.pl\/index.php\/wp-json\/wp\/v2\/comments?post=32"}],"version-history":[{"count":4,"href":"https:\/\/cedro.com.pl\/index.php\/wp-json\/wp\/v2\/pages\/32\/revisions"}],"predecessor-version":[{"id":115,"href":"https:\/\/cedro.com.pl\/index.php\/wp-json\/wp\/v2\/pages\/32\/revisions\/115"}],"wp:attachment":[{"href":"https:\/\/cedro.com.pl\/index.php\/wp-json\/wp\/v2\/media?parent=32"}],"curies":[{"name":"wp","href":"https:\/\/api.w.org\/{rel}","templated":true}]}}