{"id":56,"date":"2017-12-26T23:42:07","date_gmt":"2017-12-26T21:42:07","guid":{"rendered":"http:\/\/cedro.com.pl\/?page_id=56"},"modified":"2022-03-18T10:24:31","modified_gmt":"2022-03-18T08:24:31","slug":"kontakt","status":"publish","type":"page","link":"https:\/\/cedro.com.pl\/index.php\/kontakt\/","title":{"rendered":"Kontakt"},"content":{"rendered":"\n\n\n<div class=\"wp-block-image\"><figure class=\"alignleft\"><img loading=\"lazy\" width=\"300\" height=\"225\" src=\"http:\/\/cedro.com.pl\/wp-content\/uploads\/2017\/12\/czcionka-300x225.jpg\" alt=\"\" class=\"wp-image-51\" srcset=\"https:\/\/cedro.com.pl\/wp-content\/uploads\/2017\/12\/czcionka-300x225.jpg 300w, https:\/\/cedro.com.pl\/wp-content\/uploads\/2017\/12\/czcionka-768x576.jpg 768w, https:\/\/cedro.com.pl\/wp-content\/uploads\/2017\/12\/czcionka-1024x768.jpg 1024w, https:\/\/cedro.com.pl\/wp-content\/uploads\/2017\/12\/czcionka.jpg 2048w\" sizes=\"(max-width: 300px) 100vw, 300px\" \/><\/figure><\/div>\n\n\n\n<p>Wydawnictwo Cedro i Synowie czasowo zawiesi\u0142o dzia\u0142alno\u015b\u0107<\/p>\n","protected":false},"excerpt":{"rendered":"<p>Wydawnictwo Cedro i Synowie czasowo zawiesi\u0142o dzia\u0142alno\u015b\u0107<\/p>\n","protected":false},"author":1,"featured_media":0,"parent":0,"menu_order":0,"comment_status":"closed","ping_status":"closed","template":"","meta":[],"_links":{"self":[{"href":"https:\/\/cedro.com.pl\/index.php\/wp-json\/wp\/v2\/pages\/56"}],"collection":[{"href":"https:\/\/cedro.com.pl\/index.php\/wp-json\/wp\/v2\/pages"}],"about":[{"href":"https:\/\/cedro.com.pl\/index.php\/wp-json\/wp\/v2\/types\/page"}],"author":[{"embeddable":true,"href":"https:\/\/cedro.com.pl\/index.php\/wp-json\/wp\/v2\/users\/1"}],"replies":[{"embeddable":true,"href":"https:\/\/cedro.com.pl\/index.php\/wp-json\/wp\/v2\/comments?post=56"}],"version-history":[{"count":5,"href":"https:\/\/cedro.com.pl\/index.php\/wp-json\/wp\/v2\/pages\/56\/revisions"}],"predecessor-version":[{"id":218,"href":"https:\/\/cedro.com.pl\/index.php\/wp-json\/wp\/v2\/pages\/56\/revisions\/218"}],"wp:attachment":[{"href":"https:\/\/cedro.com.pl\/index.php\/wp-json\/wp\/v2\/media?parent=56"}],"curies":[{"name":"wp","href":"https:\/\/api.w.org\/{rel}","templated":true}]}}