{"id":86,"date":"2018-01-28T01:57:55","date_gmt":"2018-01-27T23:57:55","guid":{"rendered":"http:\/\/cedro.com.pl\/?page_id=86"},"modified":"2018-01-28T02:11:57","modified_gmt":"2018-01-28T00:11:57","slug":"regulamin","status":"publish","type":"page","link":"https:\/\/cedro.com.pl\/index.php\/regulamin\/","title":{"rendered":"Regulamin"},"content":{"rendered":"<ol>\n<li>Dane osobowe kupuj\u0105cych nie s\u0105 udost\u0119pniane \u017cadnemu podmiotowi przez Wydawnictwo Cedro i Synowie i nie s\u0105 przechowywane. S\u0142u\u017c\u0105 wy\u0142\u0105cznie jako dane adresowe do realizacji zam\u00f3wienia, potem s\u0105 kasowane.<\/li>\n<li>W chwili obecnej mo\u017cliwa jest jedna forma p\u0142atno\u015bci &#8211; przelew na konto Pewnego Wydawnictwa.<\/li>\n<li>Po z\u0142o\u017ceniu zam\u00f3wienia Zamawiaj\u0105cy otrzymuje potwierdzenie na podany adres e-mail z danymi zam\u00f3wienia oraz danymi do przelewu, z kt\u00f3rego realizacj\u0105 najlepiej jest zaczeka\u0107 do fazy ostatecznej akceptacji projektu.<\/li>\n<li>Zamawiaj\u0105cy uzgadnia projekt z Wydawnictwem, przesy\u0142a teksty, inne dane i listy nazwisk, po czym otrzymuje w pdf-ie projekty do akceptacji. Istnieje mo\u017cliwo\u015b\u0107 zamieszczania w\u0142asnych tekst\u00f3w, sugerowania uk\u0142adu, wyboru czcionki itd. Uzgodnienia prowadzone s\u0105 mailowo: <a href=\"mailto:info@cedro.com.pl\">info@cedro.com.pl<\/a><\/li>\n<li>Po finalnej akceptacji projektu zam\u00f3wienie jest realizowane, a Zamawiaj\u0105cy otrzymuje informacj\u0119 z pro\u015bb\u0105 o przelew i o jego ostatecznej wysoko\u015bci (cz\u0119sto w trakcie pracy nad drukami pojawia si\u0119 potrzeba zmiany ilo\u015bci zaprosze\u0144 czy winietek). Po wp\u0142yni\u0119ciu pieni\u0119dzy na konto Wydawnictwa, Zamawiaj\u0105cy otrzymuje informacj\u0119, \u017ce zam\u00f3wienie jest realizowane.<\/li>\n<li>O nadaniu przesy\u0142ki i zako\u0144czeniu transakcji poinformuje trzeci mail.<\/li>\n<li>Zam\u00f3wienia s\u0105 realizowane na bie\u017c\u0105co i w zale\u017cno\u015bci od skomplikowania i uk\u0142adu dni w tygodniu powinny by\u0107 wys\u0142ane w ci\u0105gu tygodnia.<\/li>\n<li><span style=\"line-height: 1.5;\">Paragon b\u0119d\u0105cy dowodem sprzeda\u017cy do\u0142\u0105czamy do przesy\u0142ki.<\/span><\/li>\n<li>W razie nietypowych zam\u00f3wie\u0144, wszystkich pyta\u0144, uwag, ewentualnych reklamacji, pro\u015bby o faktur\u0119 \u2013 prosimy o kontakt mailowy (<a href=\"mailto:info@cedro.com.pl\">info@cedro.com.pl<\/a>).<\/li>\n<li>Pozosta\u0142e zasady s\u0105 zgodne z obowi\u0105zuj\u0105cym w Polsce prawem i powszechnymi zasadami obrotu towarami w internecie.<\/li>\n<\/ol>\n","protected":false},"excerpt":{"rendered":"<p>Dane osobowe kupuj\u0105cych nie s\u0105 udost\u0119pniane \u017cadnemu podmiotowi przez Wydawnictwo Cedro i Synowie i nie s\u0105 przechowywane. S\u0142u\u017c\u0105 wy\u0142\u0105cznie jako dane adresowe do realizacji zam\u00f3wienia, potem s\u0105 kasowane. W chwili obecnej mo\u017cliwa jest jedna forma p\u0142atno\u015bci &#8211; przelew na konto Pewnego Wydawnictwa. Po z\u0142o\u017ceniu zam\u00f3wienia Zamawiaj\u0105cy otrzymuje potwierdzenie na podany adres e-mail z danymi zam\u00f3wienia [&hellip;]<\/p>\n","protected":false},"author":1,"featured_media":0,"parent":0,"menu_order":0,"comment_status":"closed","ping_status":"closed","template":"","meta":[],"_links":{"self":[{"href":"https:\/\/cedro.com.pl\/index.php\/wp-json\/wp\/v2\/pages\/86"}],"collection":[{"href":"https:\/\/cedro.com.pl\/index.php\/wp-json\/wp\/v2\/pages"}],"about":[{"href":"https:\/\/cedro.com.pl\/index.php\/wp-json\/wp\/v2\/types\/page"}],"author":[{"embeddable":true,"href":"https:\/\/cedro.com.pl\/index.php\/wp-json\/wp\/v2\/users\/1"}],"replies":[{"embeddable":true,"href":"https:\/\/cedro.com.pl\/index.php\/wp-json\/wp\/v2\/comments?post=86"}],"version-history":[{"count":3,"href":"https:\/\/cedro.com.pl\/index.php\/wp-json\/wp\/v2\/pages\/86\/revisions"}],"predecessor-version":[{"id":90,"href":"https:\/\/cedro.com.pl\/index.php\/wp-json\/wp\/v2\/pages\/86\/revisions\/90"}],"wp:attachment":[{"href":"https:\/\/cedro.com.pl\/index.php\/wp-json\/wp\/v2\/media?parent=86"}],"curies":[{"name":"wp","href":"https:\/\/api.w.org\/{rel}","templated":true}]}}