{"id":120,"date":"2018-02-17T21:27:16","date_gmt":"2018-02-17T19:27:16","guid":{"rendered":"http:\/\/cedro.com.pl\/?post_type=product&#038;p=120"},"modified":"2020-09-14T21:54:40","modified_gmt":"2020-09-14T19:54:40","slug":"zaproszenia-z-niebieska-parzenica","status":"publish","type":"product","link":"https:\/\/cedro.com.pl\/index.php\/produkt\/zaproszenia-z-niebieska-parzenica\/","title":{"rendered":"Zaproszenia z niebiesk\u0105 parzenic\u0105"},"content":{"rendered":"<p><strong>Produkt wycofany z oferty.<\/strong><\/p>\n<p>Projekt przygotowany z my\u015bl\u0105 o weselach z akcentem folkowym.<\/p>\n<p>Zaproszenie jest okaza\u0142e, po roz\u0142o\u017ceniu ma format A4. Z\u0142o\u017cone pasuje do koperty DL.<\/p>\n<p>Wykonane jest ze szlachetnego bia\u0142ego kartonu 246 g, pr\u0105\u017ckowanego, w komplecie bia\u0142a g\u0142adka koperta Lesebo 110 g i sk\u00f3rzany rzemyk.<\/p>\n<p>Du\u017ca powierzchnia zadruku pozwala na wpisanie d\u0142u\u017cszego tekstu i tekst\u00f3w dodatkowych. Dowolny tekst, kilka czcionek do wyboru. Szczeg\u00f3\u0142y ustala si\u0119 w fazie projektowania i akceptacji.<\/p>\n<p><strong>Prosimy o niedokonywanie przelewu do czasu akceptacji projektu<\/strong>. Cz\u0119sto pojawia si\u0119 konieczno\u015b\u0107 zmian ilo\u015bci zaprosze\u0144 lub proponujemy rabat w zwi\u0105zku z wielko\u015bci\u0105 zam\u00f3wienia.<\/p>\n<p>Nadruki na kopertach wykonywane s\u0105 za dodatkow\u0105 op\u0142at\u0105.<\/p>\n<p>W ofercie mamy tak\u017ce utrzymane w tym samym stylu winietki i menu.<\/p>\n","protected":false},"excerpt":{"rendered":"<p>Zaproszenia z wystylizowanym motywem parzenicy<\/p>\n","protected":false},"featured_media":121,"comment_status":"open","ping_status":"closed","template":"","meta":[],"_links":{"self":[{"href":"https:\/\/cedro.com.pl\/index.php\/wp-json\/wp\/v2\/product\/120"}],"collection":[{"href":"https:\/\/cedro.com.pl\/index.php\/wp-json\/wp\/v2\/product"}],"about":[{"href":"https:\/\/cedro.com.pl\/index.php\/wp-json\/wp\/v2\/types\/product"}],"replies":[{"embeddable":true,"href":"https:\/\/cedro.com.pl\/index.php\/wp-json\/wp\/v2\/comments?post=120"}],"wp:featuredmedia":[{"embeddable":true,"href":"https:\/\/cedro.com.pl\/index.php\/wp-json\/wp\/v2\/media\/121"}],"wp:attachment":[{"href":"https:\/\/cedro.com.pl\/index.php\/wp-json\/wp\/v2\/media?parent=120"}],"curies":[{"name":"wp","href":"https:\/\/api.w.org\/{rel}","templated":true}]}}