{"id":144,"date":"2018-03-01T01:43:58","date_gmt":"2018-02-28T23:43:58","guid":{"rendered":"http:\/\/cedro.com.pl\/?post_type=product&#038;p=144"},"modified":"2020-09-14T21:53:33","modified_gmt":"2020-09-14T19:53:33","slug":"zaproszenia-komunijne-na-plotnie","status":"publish","type":"product","link":"https:\/\/cedro.com.pl\/index.php\/produkt\/zaproszenia-komunijne-na-plotnie\/","title":{"rendered":"Zaproszenia komunijne na p\u0142\u00f3tnie"},"content":{"rendered":"<p><strong>Produkt wycofany z oferty.<\/strong><\/p>\n<p>Jako jedyni w Polsce (a mo\u017ce i w Europie) oferujemy personalizowane zaproszenia komunijne drukowane na prawdziwym, usztywnionym p\u0142\u00f3tnie. Format z\u0142o\u017conego zaproszenia 148&#215;148 mm, w komplecie porz\u0105dna bia\u0142a koperta 155&#215;155 mm.<\/p>\n<p>Brzegi zaproszenia mog\u0105 by\u0107 proste lub ozdobne. Proponujemy dwa motywy graficzne: eucharystyczny (z kielichem i hosti\u0105) lub z konwaliami. Dowolne teksty.<\/p>\n<p>Mo\u017cliwo\u015b\u0107 nadruku na kopercie za dodatkow\u0105 op\u0142at\u0105.<\/p>\n","protected":false},"excerpt":{"rendered":"<p>Szlachetne zaproszenia drukowane na prawdziwym, usztywnionym p\u0142\u00f3tnie.<\/p>\n","protected":false},"featured_media":145,"comment_status":"open","ping_status":"closed","template":"","meta":[],"_links":{"self":[{"href":"https:\/\/cedro.com.pl\/index.php\/wp-json\/wp\/v2\/product\/144"}],"collection":[{"href":"https:\/\/cedro.com.pl\/index.php\/wp-json\/wp\/v2\/product"}],"about":[{"href":"https:\/\/cedro.com.pl\/index.php\/wp-json\/wp\/v2\/types\/product"}],"replies":[{"embeddable":true,"href":"https:\/\/cedro.com.pl\/index.php\/wp-json\/wp\/v2\/comments?post=144"}],"wp:featuredmedia":[{"embeddable":true,"href":"https:\/\/cedro.com.pl\/index.php\/wp-json\/wp\/v2\/media\/145"}],"wp:attachment":[{"href":"https:\/\/cedro.com.pl\/index.php\/wp-json\/wp\/v2\/media?parent=144"}],"curies":[{"name":"wp","href":"https:\/\/api.w.org\/{rel}","templated":true}]}}