{"id":160,"date":"2018-03-18T16:15:19","date_gmt":"2018-03-18T14:15:19","guid":{"rendered":"http:\/\/cedro.com.pl\/?post_type=product&#038;p=160"},"modified":"2020-09-14T21:53:01","modified_gmt":"2020-09-14T19:53:01","slug":"zaproszenia-kaszubskie","status":"publish","type":"product","link":"https:\/\/cedro.com.pl\/index.php\/produkt\/zaproszenia-kaszubskie\/","title":{"rendered":"Zaproszenia kaszubskie"},"content":{"rendered":"<p><span style=\"line-height: 1.5;\"><strong>Produkt wycofany z oferty.<\/strong><\/span><\/p>\n<p><span style=\"line-height: 1.5;\">Urok polskiej tradycji i rodzinnego sto\u0142u.<\/span><\/p>\n<p><span style=\"line-height: 1.5;\">Zaproszenie jest okaza\u0142e, po roz\u0142o\u017ceniu ma format A4. Z\u0142o\u017cone pasuje do koperty DL.<\/span><\/p>\n<p>Wykonane jest z bia\u0142ego kartonu 246 g, dese\u0144 p\u0142\u00f3tna, w komplecie bia\u0142a g\u0142adka koperta i rafia lub z\u0142oty sznureczek do przewi\u0105zania.<\/p>\n<p><span style=\"line-height: 1.5;\">Mo\u017cliwo\u015b\u0107 wyboru wzor\u00f3w graficznych oraz koloru nadruku. Kilka wariant\u00f3w rozmieszczenia tekstu.<\/span><\/p>\n<p>Du\u017ca powierzchnia zadruku pozwala na wpisanie d\u0142u\u017cszego tekstu i tekst\u00f3w dodatkowych. Dowolny tekst, kilka czcionek do wyboru. Szczeg\u00f3\u0142y ustala si\u0119 w fazie projektowania i akceptacji.<\/p>\n<p><strong>Prosimy o niedokonywanie przelewu do czasu akceptacji projektu<\/strong>. Cz\u0119sto pojawia si\u0119 konieczno\u015b\u0107 zmian ilo\u015bci zaprosze\u0144 lub proponujemy rabat w zwi\u0105zku z wielko\u015bci\u0105 zam\u00f3wienia.<\/p>\n<p>Cena obejmuje personalizacj\u0119.<\/p>\n<p>Nadruki na kopertach wykonywane s\u0105 za dodatkow\u0105 op\u0142at\u0105.<\/p>\n<p>W ofercie mamy tak\u017ce utrzymane w tym samym stylu winietki i menu.<\/p>\n","protected":false},"excerpt":{"rendered":"<p>Produkt wycofany z oferty. Urok polskiej tradycji i rodzinnego sto\u0142u. Zaproszenie jest okaza\u0142e, po roz\u0142o\u017ceniu ma format A4. Z\u0142o\u017cone pasuje do koperty DL. Wykonane jest z bia\u0142ego kartonu 246 g, dese\u0144 p\u0142\u00f3tna, w komplecie bia\u0142a g\u0142adka koperta i rafia lub z\u0142oty sznureczek do przewi\u0105zania. Mo\u017cliwo\u015b\u0107 wyboru wzor\u00f3w graficznych oraz koloru nadruku. Kilka wariant\u00f3w rozmieszczenia tekstu. [&hellip;]<\/p>\n","protected":false},"featured_media":161,"comment_status":"open","ping_status":"closed","template":"","meta":[],"_links":{"self":[{"href":"https:\/\/cedro.com.pl\/index.php\/wp-json\/wp\/v2\/product\/160"}],"collection":[{"href":"https:\/\/cedro.com.pl\/index.php\/wp-json\/wp\/v2\/product"}],"about":[{"href":"https:\/\/cedro.com.pl\/index.php\/wp-json\/wp\/v2\/types\/product"}],"replies":[{"embeddable":true,"href":"https:\/\/cedro.com.pl\/index.php\/wp-json\/wp\/v2\/comments?post=160"}],"wp:featuredmedia":[{"embeddable":true,"href":"https:\/\/cedro.com.pl\/index.php\/wp-json\/wp\/v2\/media\/161"}],"wp:attachment":[{"href":"https:\/\/cedro.com.pl\/index.php\/wp-json\/wp\/v2\/media?parent=160"}],"curies":[{"name":"wp","href":"https:\/\/api.w.org\/{rel}","templated":true}]}}