{"id":173,"date":"2018-10-22T22:38:48","date_gmt":"2018-10-22T20:38:48","guid":{"rendered":"http:\/\/cedro.com.pl\/?post_type=product&#038;p=173"},"modified":"2020-09-14T21:52:18","modified_gmt":"2020-09-14T19:52:18","slug":"zaproszenia-studniowkowe","status":"publish","type":"product","link":"https:\/\/cedro.com.pl\/index.php\/produkt\/zaproszenia-studniowkowe\/","title":{"rendered":"Zaproszenia studni\u00f3wkowe"},"content":{"rendered":"<p><span style=\"line-height: 1.5;\"><strong>Produkt wycofany z oferty.<\/strong><\/span><\/p>\n<p><span style=\"line-height: 1.5;\">Oryginalne, eleganckie, zaprojektowane specjalnie na t\u0119 uroczysto\u015b\u0107.<\/span><\/p>\n<p><span style=\"line-height: 1.5;\">Zaproszenie jest okaza\u0142e, po roz\u0142o\u017ceniu ma format A4. Z\u0142o\u017cone pasuje do koperty DL.<\/span><\/p>\n<p>Wykonane jest z kremowego kartonu 246 g, pr\u0105\u017ckowanego, w komplecie kremowa pr\u0105\u017ckowana koperta wysokiej jako\u015bci i z\u0142oty sznureczek do przewi\u0105zania.<\/p>\n<p>Cena obejmuje personalizacj\u0119.<\/p>\n<p>Dowolny tekst.<\/p>\n<p>Proponujemy nadruk w kolorze br\u0105zowym lub \u015bliwkowym.<\/p>\n<p>Na indywidualne \u017cyczenie mo\u017cliwo\u015b\u0107 wydruku na bia\u0142ym kartonie.<\/p>\n<p>Szczeg\u00f3\u0142y ustala si\u0119 w fazie projektowania i akceptacji.<\/p>\n<p><strong>Prosimy o niedokonywanie przelewu do czasu akceptacji projektu<\/strong>. Cz\u0119sto pojawia si\u0119 konieczno\u015b\u0107 zmian ilo\u015bci zaprosze\u0144 lub proponujemy rabat w zwi\u0105zku z wielko\u015bci\u0105 zam\u00f3wienia.<\/p>\n<p>Nadruki na kopertach wykonywane s\u0105 za dodatkow\u0105 op\u0142at\u0105.<\/p>\n<p>Przy zam\u00f3wieniach powy\u017cej 100 sztuk przewidziane rabaty, ustalane korespondencyjnie<\/p>\n","protected":false},"excerpt":{"rendered":"<p>Produkt wycofany z oferty. Oryginalne, eleganckie, zaprojektowane specjalnie na t\u0119 uroczysto\u015b\u0107. Zaproszenie jest okaza\u0142e, po roz\u0142o\u017ceniu ma format A4. Z\u0142o\u017cone pasuje do koperty DL. Wykonane jest z kremowego kartonu 246 g, pr\u0105\u017ckowanego, w komplecie kremowa pr\u0105\u017ckowana koperta wysokiej jako\u015bci i z\u0142oty sznureczek do przewi\u0105zania. Cena obejmuje personalizacj\u0119. Dowolny tekst. Proponujemy nadruk w kolorze br\u0105zowym lub [&hellip;]<\/p>\n","protected":false},"featured_media":174,"comment_status":"open","ping_status":"closed","template":"","meta":[],"_links":{"self":[{"href":"https:\/\/cedro.com.pl\/index.php\/wp-json\/wp\/v2\/product\/173"}],"collection":[{"href":"https:\/\/cedro.com.pl\/index.php\/wp-json\/wp\/v2\/product"}],"about":[{"href":"https:\/\/cedro.com.pl\/index.php\/wp-json\/wp\/v2\/types\/product"}],"replies":[{"embeddable":true,"href":"https:\/\/cedro.com.pl\/index.php\/wp-json\/wp\/v2\/comments?post=173"}],"wp:featuredmedia":[{"embeddable":true,"href":"https:\/\/cedro.com.pl\/index.php\/wp-json\/wp\/v2\/media\/174"}],"wp:attachment":[{"href":"https:\/\/cedro.com.pl\/index.php\/wp-json\/wp\/v2\/media?parent=173"}],"curies":[{"name":"wp","href":"https:\/\/api.w.org\/{rel}","templated":true}]}}