{"id":190,"date":"2019-10-06T22:30:57","date_gmt":"2019-10-06T20:30:57","guid":{"rendered":"http:\/\/cedro.com.pl\/?post_type=product&#038;p=190"},"modified":"2022-03-16T20:50:57","modified_gmt":"2022-03-16T18:50:57","slug":"twoje-znaczki","status":"publish","type":"product","link":"https:\/\/cedro.com.pl\/index.php\/produkt\/twoje-znaczki\/","title":{"rendered":"Twoje znaczki"},"content":{"rendered":"","protected":false},"excerpt":{"rendered":"<p>Naklejki w postaci znaczka pocztowego. Z dowoln\u0105 (przyzwoit\u0105) zawarto\u015bci\u0105 graficzn\u0105. Dla os\u00f3b prywatnych i instytucji. Do korespondencji okoliczno\u015bciowej (chrzciny, komunie, wesela, jubileusze, premiery ksi\u0105\u017ckowe, bale, bankiety, wydarzenia kulturalne i biznesowe).<\/p>\n<p>Podstawowy format znaczka 34&#215;45 mm (pole grafiki 29&#215;38 mm), na arkuszu mie\u015bci si\u0119 25 sztuk.<\/p>\n<p>Znaczki wykonywane s\u0105 na specjalnym, gumowanym papierze (a wi\u0119c z klejem na spodniej warstwie), jak prawdziwe.<\/p>\n<p>Arkusze s\u0105 perforowane r\u0119cznie na 100-letnim urz\u0105dzeniu.<\/p>\n<p>Mo\u017cliwo\u015b\u0107 monta\u017cu r\u00f3\u017cnych znaczk\u00f3w na arkuszu.<\/p>\n<p>Cena za 1 arkusz ju\u017c z kosztem wysy\u0142ki.<\/p>\n<p>Przy wi\u0119kszych zam\u00f3wieniach du\u017ce rabaty (2 arkusze: 40 z\u0142, 4 arkusze: 70 z\u0142), ustalane indywidualnie.<\/p>\n<p>&#8222;Twoje znaczki&#8221; nie maj\u0105 warto\u015bci op\u0142aty pocztowej &#8211; maj\u0105 warto\u015b\u0107 dekoracyjn\u0105 i kolekcjonersk\u0105, ale na kopercie wymagaj\u0105 dodatkowego normalnego znaczka.<\/p>\n<p>Istnieje mo\u017cliwo\u015b\u0107 wykonania znaczk\u00f3w w innych formatach, np. 16 sztuk\/arkuszu, w tej samej cenie.<\/p>\n<p>Przy wi\u0119kszych zam\u00f3wieniach prosz\u0119 o wcze\u015bniejszy kontakt mailowy, w celu ustalenia ceny.<\/p>\n<p>Wystawiamy faktury.<\/p>\n<p>&nbsp;<\/p>\n","protected":false},"featured_media":198,"comment_status":"open","ping_status":"closed","template":"","meta":[],"_links":{"self":[{"href":"https:\/\/cedro.com.pl\/index.php\/wp-json\/wp\/v2\/product\/190"}],"collection":[{"href":"https:\/\/cedro.com.pl\/index.php\/wp-json\/wp\/v2\/product"}],"about":[{"href":"https:\/\/cedro.com.pl\/index.php\/wp-json\/wp\/v2\/types\/product"}],"replies":[{"embeddable":true,"href":"https:\/\/cedro.com.pl\/index.php\/wp-json\/wp\/v2\/comments?post=190"}],"wp:featuredmedia":[{"embeddable":true,"href":"https:\/\/cedro.com.pl\/index.php\/wp-json\/wp\/v2\/media\/198"}],"wp:attachment":[{"href":"https:\/\/cedro.com.pl\/index.php\/wp-json\/wp\/v2\/media?parent=190"}],"curies":[{"name":"wp","href":"https:\/\/api.w.org\/{rel}","templated":true}]}}