{"id":67,"date":"2018-01-27T22:23:11","date_gmt":"2018-01-27T20:23:11","guid":{"rendered":"http:\/\/cedro.com.pl\/?post_type=product&#038;p=67"},"modified":"2020-09-14T21:51:44","modified_gmt":"2020-09-14T19:51:44","slug":"winietki","status":"publish","type":"product","link":"https:\/\/cedro.com.pl\/index.php\/produkt\/winietki\/","title":{"rendered":"Winietki"},"content":{"rendered":"<p><strong>Produkt wycofany z oferty.<\/strong><\/p>\n<p>Winietki dla go\u015bci weselnych typu &#8222;namiocik&#8221;. Drukowane na wysokiej jako\u015bci kartonach, zbigowane w miejscu zginania i poci\u0119te.<\/p>\n<p>Nazwiska wstawiane s\u0105 z przes\u0142anej listy w dowolnym pliku tekstowym czy arkuszu kalkulacyjnym.<\/p>\n<p>Rodzaj papieru, typu, czcionki, koloru, dowolnego tekstu na pleckach ustalany jest mailowo po z\u0142o\u017ceniu zam\u00f3wienia. Na zdj\u0119ciu winietki utrzymane w stylistyce dopasowanej do naszych zaprosze\u0144.<\/p>\n<p>Przed drukiem projekt przes\u0142any jest do akceptacji.<\/p>\n<p><strong>Prosimy o niedokonywanie przelewu przed finaln\u0105 akceptacj\u0105. Cz\u0119sto w trakcie przygotowania s\u0105 zmiany ilo\u015bciowe.<\/strong><\/p>\n<p>Termin realizacji: 3-5 dni<\/p>\n","protected":false},"excerpt":{"rendered":"<p>Produkt wycofany z oferty. Winietki dla go\u015bci weselnych typu &#8222;namiocik&#8221;. Drukowane na wysokiej jako\u015bci kartonach, zbigowane w miejscu zginania i poci\u0119te. Nazwiska wstawiane s\u0105 z przes\u0142anej listy w dowolnym pliku tekstowym czy arkuszu kalkulacyjnym. Rodzaj papieru, typu, czcionki, koloru, dowolnego tekstu na pleckach ustalany jest mailowo po z\u0142o\u017ceniu zam\u00f3wienia. Na zdj\u0119ciu winietki utrzymane w stylistyce [&hellip;]<\/p>\n","protected":false},"featured_media":68,"comment_status":"open","ping_status":"closed","template":"","meta":[],"_links":{"self":[{"href":"https:\/\/cedro.com.pl\/index.php\/wp-json\/wp\/v2\/product\/67"}],"collection":[{"href":"https:\/\/cedro.com.pl\/index.php\/wp-json\/wp\/v2\/product"}],"about":[{"href":"https:\/\/cedro.com.pl\/index.php\/wp-json\/wp\/v2\/types\/product"}],"replies":[{"embeddable":true,"href":"https:\/\/cedro.com.pl\/index.php\/wp-json\/wp\/v2\/comments?post=67"}],"wp:featuredmedia":[{"embeddable":true,"href":"https:\/\/cedro.com.pl\/index.php\/wp-json\/wp\/v2\/media\/68"}],"wp:attachment":[{"href":"https:\/\/cedro.com.pl\/index.php\/wp-json\/wp\/v2\/media?parent=67"}],"curies":[{"name":"wp","href":"https:\/\/api.w.org\/{rel}","templated":true}]}}