{"id":99,"date":"2018-01-28T22:50:33","date_gmt":"2018-01-28T20:50:33","guid":{"rendered":"http:\/\/cedro.com.pl\/?post_type=product&#038;p=99"},"modified":"2020-09-14T21:55:18","modified_gmt":"2020-09-14T19:55:18","slug":"zaproszenie-goralskie-z-parzenica","status":"publish","type":"product","link":"https:\/\/cedro.com.pl\/index.php\/produkt\/zaproszenie-goralskie-z-parzenica\/","title":{"rendered":"Zaproszenie g\u00f3ralskie z parzenic\u0105"},"content":{"rendered":"<p><strong>Produkt wycofany z oferty.<\/strong><\/p>\n<p>Projekt przygotowany z my\u015bl\u0105 o weselach g\u00f3ralskich.<\/p>\n<p>Zaproszenie jest okaza\u0142e, po roz\u0142o\u017ceniu ma format A4. Z\u0142o\u017cone pasuje do koperty DL.<\/p>\n<p>Wykonane jest ze szlachetnego kremowego kartonu 246 g, pr\u0105\u017ckowanego, w komplecie pr\u0105\u017ckowana koperta Century Aquarello i sk\u00f3rzany rzemyk.<\/p>\n<p>Du\u017ca powierzchnia zadruku pozwala na wpisanie d\u0142u\u017cszego tekstu i tekst\u00f3w dodatkowych. Dowolny tekst, kilka czcionek do wyboru. Szczeg\u00f3\u0142y ustala si\u0119 w fazie projektowania i akceptacji.<\/p>\n<p><strong>Prosimy o niedokonywanie przelewu do czasu akceptacji projektu<\/strong>. Cz\u0119sto pojawia si\u0119 konieczno\u015b\u0107 zmian ilo\u015bci zaprosze\u0144 lub proponujemy rabat w zwi\u0105zku z wielko\u015bci\u0105 zam\u00f3wienia.<\/p>\n<p>Nadruki na kopertach wykonywane s\u0105 za dodatkow\u0105 op\u0142at\u0105.<\/p>\n<p>W ofercie mamy tak\u017ce utrzymane w tym samym stylu winietki i menu.<\/p>\n","protected":false},"excerpt":{"rendered":"<p>Zaproszenia g\u00f3ralskie z parzenic\u0105. Przewi\u0105zane sk\u00f3rzanym rzemykiem. Personalizacja i koperta w cenie.<\/p>\n","protected":false},"featured_media":110,"comment_status":"open","ping_status":"closed","template":"","meta":[],"_links":{"self":[{"href":"https:\/\/cedro.com.pl\/index.php\/wp-json\/wp\/v2\/product\/99"}],"collection":[{"href":"https:\/\/cedro.com.pl\/index.php\/wp-json\/wp\/v2\/product"}],"about":[{"href":"https:\/\/cedro.com.pl\/index.php\/wp-json\/wp\/v2\/types\/product"}],"replies":[{"embeddable":true,"href":"https:\/\/cedro.com.pl\/index.php\/wp-json\/wp\/v2\/comments?post=99"}],"wp:featuredmedia":[{"embeddable":true,"href":"https:\/\/cedro.com.pl\/index.php\/wp-json\/wp\/v2\/media\/110"}],"wp:attachment":[{"href":"https:\/\/cedro.com.pl\/index.php\/wp-json\/wp\/v2\/media?parent=99"}],"curies":[{"name":"wp","href":"https:\/\/api.w.org\/{rel}","templated":true}]}}